{"id":12502,"date":"2023-03-31T11:11:43","date_gmt":"2023-03-31T16:11:43","guid":{"rendered":"https:\/\/propuestaciudadana.org.pe\/forociudadano-celac-ue\/?page_id=12502"},"modified":"2023-06-20T17:49:58","modified_gmt":"2023-06-20T22:49:58","slug":"enlaces-de-interes","status":"publish","type":"page","link":"https:\/\/propuestaciudadana.org.pe\/forociudadano-celac-ue\/enlaces-de-interes\/","title":{"rendered":"Enlaces de inter\u00e9s"},"content":{"rendered":"<p>Comunidad de Estados Latinoamericanos y Caribe\u00f1os (CELAC): <a href=\"http:\/\/www.celacinternational.org\">www.celacinternational.org<\/a><br \/>\nServicio Europeo de Acci\u00f3n Exterior (SEAE): <a href=\"http:\/\/www.eeas.europa.eu\">www.eeas.europa.eu<\/a><br \/>\nCELAC 2023-Ministry of Foreign Affairs and Foreign Trade-The Government of Saint Vincent and the Grenadines: <a href=\"http:\/\/www.foreign.gov.vc\/foreign\/index.php\/celac-2023\">www.foreign.gov.vc\/foreign\/index.php\/celac-2023<\/a><br \/>\nComisi\u00f3n Europea: <a href=\"http:\/\/www.commission.europa.eu\">www.commission.europa.eu<\/a><br \/>\nAsamblea Parlamentaria Euro-Latinoamericana (EUROLAT):<br \/>\n<a href=\"http:\/\/www.europarl.europa.eu\/eurolat\/es\/home\">www.europarl.europa.eu\/eurolat\/es\/home<\/a><br \/>\nMercado Com\u00fan del Sur (MERCOSUR): <a href=\"http:\/\/www.mercosur.int\">www.mercosur.int<\/a><br \/>\nSistema de la Integraci\u00f3n Centroamericana (SICA): <a href=\"http:\/\/www.sica.int\">www.sica.int<\/a><br \/>\nComunidad Andina: <a href=\"http:\/\/www.comunidadandina.org\">www.comunidadandina.org<\/a><br \/>\nComunidad del Caribe (CARICOM): <a href=\"http:\/\/www.caricom.org\">www.caricom.org<\/a><br \/>\nFundaci\u00f3n EU-LAC: www.eulacfoundation.org<br \/>\nSecretar\u00eda General Iberoamericana (SEGIB): <a href=\"http:\/\/www.segib.org\">www.segib.org<\/a><br \/>\nComisi\u00f3n Econ\u00f3mica para Am\u00e9rica Latina (CEPAL): <a href=\"http:\/\/www.cepal.org\">www.cepal.org<\/a><br \/>\nSistema Econ\u00f3mico Latinoamericano y del Caribe (SELA): <a href=\"http:\/\/www.sela.org\">www.sela.org<\/a><br \/>\nFundaci\u00f3n Carolina: <a href=\"http:\/\/www.fundacioncarolina.es\">www.fundacioncarolina.es<\/a><br \/>\nFundaci\u00f3n ICO: www.fundacionico.es<br \/>\nObservatorio de las Relaciones Uni\u00f3n Europea- Am\u00e9rica Latina (OBREAL): <a href=\"http:\/\/www.obsglob.org\">www.obsglob.org<\/a><br \/>\nEU-LAC Focus: <a href=\"http:\/\/www.eulac-focus.net\">www.eulac-focus.net<\/a><br \/>\nObservatorio Econ\u00f3mico Latinoamericano (OBELA): www.obela.org<br \/>\nFundaci\u00f3n Internacional y para Iberoam\u00e9rica de Administraci\u00f3n y Pol\u00edticas P\u00fablicas (FIIAPP): <a href=\"http:\/\/www.fiiapp.org\">www.fiiapp.org<\/a><br \/>\nEU-LAT: Advocay Network \u2013 Red de Incidencia: <a href=\"https:\/\/eulatnetwork.org\/\">https:\/\/eulatnetwork.org\/<\/a><br \/>\nEU-LAC Interest Group Platform (Contributing to the dissemination of the bi-regional research and innovation cooperation activities): <a href=\"https:\/\/www.eucelac-platform.eu\/\">https:\/\/www.eucelac-platform.eu\/<\/a><br \/>\nEuropa Global (Instrumento de Vecindad, Cooperaci\u00f3n al Desarrollo y Cooperaci\u00f3n Internacional): <a href=\"https:\/\/ec.europa.eu\/info\/funding-tenders\/find-funding\/eu-funding-programmes\/global-europe-neighbourhood-development-and-international-cooperation-instrument_es\">https:\/\/ec.europa.eu\/info\/funding-tenders\/find-funding\/eu-funding-programmes\/global-europe-neighbourhood-development-and-international-cooperation-instrument_es<\/a><\/p>\n","protected":false},"excerpt":{"rendered":"<p>Comunidad de Estados Latinoamericanos y Caribe\u00f1os (CELAC): www.celacinternational.org Servicio Europeo de Acci\u00f3n Exterior (SEAE): www.eeas.europa.eu CELAC 2023-Ministry of Foreign Affairs and Foreign Trade-The Government of Saint Vincent and the Grenadines: www.foreign.gov.vc\/foreign\/index.php\/celac-2023 Comisi\u00f3n Europea: www.commission.europa.eu Asamblea Parlamentaria Euro-Latinoamericana (EUROLAT): www.europarl.europa.eu\/eurolat\/es\/home Mercado Com\u00fan del Sur (MERCOSUR): www.mercosur.int Sistema de la Integraci\u00f3n Centroamericana (SICA): www.sica.int Comunidad Andina: www.comunidadandina.org [&hellip;]<\/p>\n","protected":false},"author":1,"featured_media":0,"parent":0,"menu_order":0,"comment_status":"closed","ping_status":"closed","template":"","meta":{"_et_pb_use_builder":"","_et_pb_old_content":"","_et_gb_content_width":"","footnotes":""},"class_list":["post-12502","page","type-page","status-publish","hentry"],"_links":{"self":[{"href":"https:\/\/propuestaciudadana.org.pe\/forociudadano-celac-ue\/wp-json\/wp\/v2\/pages\/12502","targetHints":{"allow":["GET"]}}],"collection":[{"href":"https:\/\/propuestaciudadana.org.pe\/forociudadano-celac-ue\/wp-json\/wp\/v2\/pages"}],"about":[{"href":"https:\/\/propuestaciudadana.org.pe\/forociudadano-celac-ue\/wp-json\/wp\/v2\/types\/page"}],"author":[{"embeddable":true,"href":"https:\/\/propuestaciudadana.org.pe\/forociudadano-celac-ue\/wp-json\/wp\/v2\/users\/1"}],"replies":[{"embeddable":true,"href":"https:\/\/propuestaciudadana.org.pe\/forociudadano-celac-ue\/wp-json\/wp\/v2\/comments?post=12502"}],"version-history":[{"count":8,"href":"https:\/\/propuestaciudadana.org.pe\/forociudadano-celac-ue\/wp-json\/wp\/v2\/pages\/12502\/revisions"}],"predecessor-version":[{"id":12668,"href":"https:\/\/propuestaciudadana.org.pe\/forociudadano-celac-ue\/wp-json\/wp\/v2\/pages\/12502\/revisions\/12668"}],"wp:attachment":[{"href":"https:\/\/propuestaciudadana.org.pe\/forociudadano-celac-ue\/wp-json\/wp\/v2\/media?parent=12502"}],"curies":[{"name":"wp","href":"https:\/\/api.w.org\/{rel}","templated":true}]}}