{"id":13578,"date":"2025-08-15T21:06:19","date_gmt":"2025-08-16T02:06:19","guid":{"rendered":"https:\/\/propuestaciudadana.org.pe\/forociudadano-celac-ue\/?page_id=13578"},"modified":"2025-09-08T08:41:23","modified_gmt":"2025-09-08T13:41:23","slug":"celac-ue-2025","status":"publish","type":"page","link":"https:\/\/propuestaciudadana.org.pe\/forociudadano-celac-ue\/celac-ue-2025\/","title":{"rendered":"CELAC-UE 2025"},"content":{"rendered":"<p>Al igual que lo hicimos en 2023 cuando la Cumbre de Bruselas, Foro Ciudadano dar\u00e1 un seguimiento especial a la IV Cumbre CELAC-UE a celebrarse en Santa Marta, Colombia, los d\u00edas 9 y 10 de noviembre de 2025. Porque creemos que es posible construir unas relaciones justas, democr\u00e1ticas, progresistas y sostenibles entre la CELAC y la UE en beneficio de las ciudadanas y los ciudadanos de ambas regiones.<\/p>\n","protected":false},"excerpt":{"rendered":"<p>Al igual que lo hicimos en 2023 cuando la Cumbre de Bruselas, Foro Ciudadano dar\u00e1 un seguimiento especial a la IV Cumbre CELAC-UE a celebrarse en Santa Marta, Colombia, los d\u00edas 9 y 10 de noviembre de 2025. Porque creemos que es posible construir unas relaciones justas, democr\u00e1ticas, progresistas y sostenibles entre la CELAC y [&hellip;]<\/p>\n","protected":false},"author":1,"featured_media":0,"parent":0,"menu_order":0,"comment_status":"closed","ping_status":"closed","template":"","meta":{"_et_pb_use_builder":"","_et_pb_old_content":"","_et_gb_content_width":"","footnotes":""},"class_list":["post-13578","page","type-page","status-publish","hentry"],"_links":{"self":[{"href":"https:\/\/propuestaciudadana.org.pe\/forociudadano-celac-ue\/wp-json\/wp\/v2\/pages\/13578","targetHints":{"allow":["GET"]}}],"collection":[{"href":"https:\/\/propuestaciudadana.org.pe\/forociudadano-celac-ue\/wp-json\/wp\/v2\/pages"}],"about":[{"href":"https:\/\/propuestaciudadana.org.pe\/forociudadano-celac-ue\/wp-json\/wp\/v2\/types\/page"}],"author":[{"embeddable":true,"href":"https:\/\/propuestaciudadana.org.pe\/forociudadano-celac-ue\/wp-json\/wp\/v2\/users\/1"}],"replies":[{"embeddable":true,"href":"https:\/\/propuestaciudadana.org.pe\/forociudadano-celac-ue\/wp-json\/wp\/v2\/comments?post=13578"}],"version-history":[{"count":2,"href":"https:\/\/propuestaciudadana.org.pe\/forociudadano-celac-ue\/wp-json\/wp\/v2\/pages\/13578\/revisions"}],"predecessor-version":[{"id":13676,"href":"https:\/\/propuestaciudadana.org.pe\/forociudadano-celac-ue\/wp-json\/wp\/v2\/pages\/13578\/revisions\/13676"}],"wp:attachment":[{"href":"https:\/\/propuestaciudadana.org.pe\/forociudadano-celac-ue\/wp-json\/wp\/v2\/media?parent=13578"}],"curies":[{"name":"wp","href":"https:\/\/api.w.org\/{rel}","templated":true}]}}